{"id":214,"date":"2020-04-13T11:18:52","date_gmt":"2020-04-13T11:18:52","guid":{"rendered":"https:\/\/studiojib.nl\/?page_id=214"},"modified":"2024-05-22T19:27:13","modified_gmt":"2024-05-22T19:27:13","slug":"about","status":"publish","type":"page","link":"https:\/\/studiojib.nl\/?page_id=214","title":{"rendered":"About"},"content":{"rendered":"\t\t<div data-elementor-type=\"wp-page\" data-elementor-id=\"214\" class=\"elementor elementor-214\">\n\t\t\t\t\t\t\t\t\t<section class=\"elementor-section elementor-top-section elementor-element elementor-element-5131a13e elementor-section-boxed elementor-section-height-default elementor-section-height-default\" data-id=\"5131a13e\" data-element_type=\"section\" data-settings=\"{&quot;background_background&quot;:&quot;classic&quot;}\">\n\t\t\t\t\t\t\t<div class=\"elementor-background-overlay\"><\/div>\n\t\t\t\t\t\t\t<div class=\"elementor-container elementor-column-gap-default\">\n\t\t\t\t\t<div class=\"elementor-column elementor-col-100 elementor-top-column elementor-element elementor-element-1053ca7a\" data-id=\"1053ca7a\" data-element_type=\"column\">\n\t\t\t<div class=\"elementor-widget-wrap elementor-element-populated\">\n\t\t\t\t\t\t\t\t<div class=\"elementor-element elementor-element-3d99e122 elementor-widget elementor-widget-heading\" data-id=\"3d99e122\" data-element_type=\"widget\" data-widget_type=\"heading.default\">\n\t\t\t\t<div class=\"elementor-widget-container\">\n\t\t\t<style>\/*! elementor - v3.15.0 - 09-08-2023 *\/\n.elementor-heading-title{padding:0;margin:0;line-height:1}.elementor-widget-heading .elementor-heading-title[class*=elementor-size-]>a{color:inherit;font-size:inherit;line-height:inherit}.elementor-widget-heading .elementor-heading-title.elementor-size-small{font-size:15px}.elementor-widget-heading .elementor-heading-title.elementor-size-medium{font-size:19px}.elementor-widget-heading .elementor-heading-title.elementor-size-large{font-size:29px}.elementor-widget-heading .elementor-heading-title.elementor-size-xl{font-size:39px}.elementor-widget-heading .elementor-heading-title.elementor-size-xxl{font-size:59px}<\/style><h1 class=\"elementor-heading-title elementor-size-default\">About<\/h1>\t\t<\/div>\n\t\t\t\t<\/div>\n\t\t\t\t\t<\/div>\n\t\t<\/div>\n\t\t\t\t\t\t\t<\/div>\n\t\t<\/section>\n\t\t\t\t<section class=\"elementor-section elementor-top-section elementor-element elementor-element-40177ae0 elementor-section-boxed elementor-section-height-default elementor-section-height-default\" data-id=\"40177ae0\" data-element_type=\"section\">\n\t\t\t\t\t\t<div class=\"elementor-container elementor-column-gap-no\">\n\t\t\t\t\t<div class=\"elementor-column elementor-col-50 elementor-top-column elementor-element elementor-element-2828f573\" data-id=\"2828f573\" data-element_type=\"column\">\n\t\t\t<div class=\"elementor-widget-wrap elementor-element-populated\">\n\t\t\t\t\t\t\t\t<div class=\"elementor-element elementor-element-60c9fa8 elementor-widget elementor-widget-image\" data-id=\"60c9fa8\" data-element_type=\"widget\" data-widget_type=\"image.default\">\n\t\t\t\t<div class=\"elementor-widget-container\">\n\t\t\t<style>\/*! elementor - v3.15.0 - 09-08-2023 *\/\n.elementor-widget-image{text-align:center}.elementor-widget-image a{display:inline-block}.elementor-widget-image a img[src$=\".svg\"]{width:48px}.elementor-widget-image img{vertical-align:middle;display:inline-block}<\/style>\t\t\t\t\t\t\t\t\t\t\t\t<img decoding=\"async\" src=\"https:\/\/studiojib.nl\/wp-content\/uploads\/elementor\/thumbs\/LOGO_uitgebreid-grijs-qb94n3xrpjy8alzfu9kxu36i1scl1840fov0a78n46.jpg\" title=\"LOGO_uitgebreid-grijs\" alt=\"LOGO_uitgebreid-grijs\" loading=\"lazy\" \/>\t\t\t\t\t\t\t\t\t\t\t\t\t\t\t<\/div>\n\t\t\t\t<\/div>\n\t\t\t\t\t<\/div>\n\t\t<\/div>\n\t\t\t\t<div class=\"elementor-column elementor-col-50 elementor-top-column elementor-element elementor-element-48096891\" data-id=\"48096891\" data-element_type=\"column\">\n\t\t\t<div class=\"elementor-widget-wrap elementor-element-populated\">\n\t\t\t\t\t\t\t\t<div class=\"elementor-element elementor-element-44ce5982 elementor-widget elementor-widget-text-editor\" data-id=\"44ce5982\" data-element_type=\"widget\" data-widget_type=\"text-editor.default\">\n\t\t\t\t<div class=\"elementor-widget-container\">\n\t\t\t<style>\/*! elementor - v3.15.0 - 09-08-2023 *\/\n.elementor-widget-text-editor.elementor-drop-cap-view-stacked .elementor-drop-cap{background-color:#69727d;color:#fff}.elementor-widget-text-editor.elementor-drop-cap-view-framed .elementor-drop-cap{color:#69727d;border:3px solid;background-color:transparent}.elementor-widget-text-editor:not(.elementor-drop-cap-view-default) .elementor-drop-cap{margin-top:8px}.elementor-widget-text-editor:not(.elementor-drop-cap-view-default) .elementor-drop-cap-letter{width:1em;height:1em}.elementor-widget-text-editor .elementor-drop-cap{float:left;text-align:center;line-height:1;font-size:50px}.elementor-widget-text-editor .elementor-drop-cap-letter{display:inline-block}<\/style>\t\t\t\t<p>Studio JIB is een plek waar je terecht kan met jouw vragen met betrekking tot grafisch vormgeving:<\/p>\t\t\t\t\t\t<\/div>\n\t\t\t\t<\/div>\n\t\t\t\t<div class=\"elementor-element elementor-element-e56ab06 elementor-widget elementor-widget-text-editor\" data-id=\"e56ab06\" data-element_type=\"widget\" data-widget_type=\"text-editor.default\">\n\t\t\t\t<div class=\"elementor-widget-container\">\n\t\t\t\t\t\t\t\t\t\t\t\t\t<\/div>\n\t\t\t\t<\/div>\n\t\t\t\t<div class=\"elementor-element elementor-element-41a203d elementor-widget elementor-widget-text-editor\" data-id=\"41a203d\" data-element_type=\"widget\" data-widget_type=\"text-editor.default\">\n\t\t\t\t<div class=\"elementor-widget-container\">\n\t\t\t\t\t\t\t<ul><li>Het bedrijf is druk bezig met een aanbesteding en je wilt graag dat jullie tender eruit springt\u2026<\/li><li>Je wilt graag een digitaal bestand sturen naar klanten om ze te informeren over jullie werkzaamheden\u2026<\/li><li>Je hebt je net ingeschreven bij de Kamer van Koophandel en zoekt iemand om jouw eigen huisstijl te realiseren\u2026<\/li><li>Het bedrijf organiseert een feest en jullie willen graag een pakkende uitnodiging\u2026<\/li><li>Je hebt een gaaf product die je aan de man wilt brengen en een folder zou daarbij enorm helpen\u2026<\/li><li>Je zou graag verschillende concepten ontvangen hoe je jullie nieuwe jaarverslag kunnen insteken\u2026<\/li><li>Je organiseert een evenement en daar horen natuurlijk ook te gekke posters en flyers bij\u2026<\/li><li>Je hebt even snel een visitekaartje nodig voor de beurs volgende week\u2026<\/li><li>Je hebt onderzoek gedaan over jouw familiegeschiedenis en wat is er mooier dan die in boek-vorm uit te kunnen geven\u2026<\/li><li>Je restaurant is toe aan een nieuwe frisse menukaart\u2026<\/li><\/ul>\t\t\t\t\t\t<\/div>\n\t\t\t\t<\/div>\n\t\t\t\t<div class=\"elementor-element elementor-element-51d99d0 elementor-widget elementor-widget-text-editor\" data-id=\"51d99d0\" data-element_type=\"widget\" data-widget_type=\"text-editor.default\">\n\t\t\t\t<div class=\"elementor-widget-container\">\n\t\t\t\t\t\t\t<p>In 2014 ben ik voor mijzelf begonnen met Studio JIB. Er lonkte destijds namelijk een groot avontuur, 2 jaar wonen op Cura\u00e7ao voor het werk van mijn man. Ik werkte ondertussen 6 jaar als grafisch vormgever op \u00e9\u00e9n van de Studio\u2019s van Canon Nederland. Ik zei mijn baan op, schreef me in als zelfstandige en vertrok richting het Caribische eiland. Na een fantastische tijd zijn we weer neergestreken in het midden van Nederland en sindsdien werk ik vanuit huis. Het is heerlijk om deze baan te combineren met ons jonge gezin met 3 kinderen. Ik houd ervan om creatief bezig te zijn, niet gek, ik heb in 2008 de kunstacademie afgerond. Ik vind het leuk mensen blij te maken door hun grafische vraag \u2019tot leven te brengen\u2019. Mooie dingen maken, daar houd ik van!<\/p>\t\t\t\t\t\t<\/div>\n\t\t\t\t<\/div>\n\t\t\t\t<section class=\"elementor-section elementor-inner-section elementor-element elementor-element-161d3f8 elementor-section-boxed elementor-section-height-default elementor-section-height-default\" data-id=\"161d3f8\" data-element_type=\"section\">\n\t\t\t\t\t\t<div class=\"elementor-container elementor-column-gap-default\">\n\t\t\t\t\t<div class=\"elementor-column elementor-col-100 elementor-inner-column elementor-element elementor-element-c1e8eea\" data-id=\"c1e8eea\" data-element_type=\"column\">\n\t\t\t<div class=\"elementor-widget-wrap elementor-element-populated\">\n\t\t\t\t\t\t\t\t<div class=\"elementor-element elementor-element-ae21c0b elementor-widget elementor-widget-text-editor\" data-id=\"ae21c0b\" data-element_type=\"widget\" data-widget_type=\"text-editor.default\">\n\t\t\t\t<div class=\"elementor-widget-container\">\n\t\t\t\t\t\t\t<p>Dus ben jij zoek naar een creatieveling voor jouw grafische opdracht?\u00a0<br \/>Stuur mij een <a href=\"mailto:info@studiojib.nl\" target=\"_blank\" rel=\"noopener\" data-wplink-edit=\"true\">e-mail<\/a> en ik reageer zo snel mogelijk.<\/p>\t\t\t\t\t\t<\/div>\n\t\t\t\t<\/div>\n\t\t\t\t\t<\/div>\n\t\t<\/div>\n\t\t\t\t\t\t\t<\/div>\n\t\t<\/section>\n\t\t\t\t<div class=\"elementor-element elementor-element-4ec76f84 elementor-widget__width-initial elementor-widget elementor-widget-heading\" data-id=\"4ec76f84\" data-element_type=\"widget\" data-widget_type=\"heading.default\">\n\t\t\t\t<div class=\"elementor-widget-container\">\n\t\t\t<h4 class=\"elementor-heading-title elementor-size-medium\">Deze bedrijven gingen je onder andere voor:<\/h4>\t\t<\/div>\n\t\t\t\t<\/div>\n\t\t\t\t<div class=\"elementor-element elementor-element-487c50b elementor-widget elementor-widget-image\" data-id=\"487c50b\" data-element_type=\"widget\" data-widget_type=\"image.default\">\n\t\t\t\t<div class=\"elementor-widget-container\">\n\t\t\t\t\t\t\t\t\t\t\t\t\t\t\t<img loading=\"lazy\" decoding=\"async\" width=\"1024\" height=\"575\" src=\"https:\/\/studiojib.nl\/wp-content\/uploads\/2023\/08\/logoplaatje-1024x575.jpg\" class=\"attachment-large size-large wp-image-926\" alt=\"\" srcset=\"https:\/\/studiojib.nl\/wp-content\/uploads\/2023\/08\/logoplaatje-1024x575.jpg 1024w, https:\/\/studiojib.nl\/wp-content\/uploads\/2023\/08\/logoplaatje-300x168.jpg 300w, https:\/\/studiojib.nl\/wp-content\/uploads\/2023\/08\/logoplaatje-768x431.jpg 768w, https:\/\/studiojib.nl\/wp-content\/uploads\/2023\/08\/logoplaatje-1536x862.jpg 1536w, https:\/\/studiojib.nl\/wp-content\/uploads\/2023\/08\/logoplaatje-2048x1149.jpg 2048w\" sizes=\"auto, (max-width: 1024px) 100vw, 1024px\" \/>\t\t\t\t\t\t\t\t\t\t\t\t\t\t\t<\/div>\n\t\t\t\t<\/div>\n\t\t\t\t\t<\/div>\n\t\t<\/div>\n\t\t\t\t\t\t\t<\/div>\n\t\t<\/section>\n\t\t\t\t<section class=\"elementor-section elementor-top-section elementor-element elementor-element-af3fac8 elementor-section-boxed elementor-section-height-default elementor-section-height-default\" data-id=\"af3fac8\" data-element_type=\"section\">\n\t\t\t\t\t\t<div class=\"elementor-container elementor-column-gap-default\">\n\t\t\t\t\t<div class=\"elementor-column elementor-col-100 elementor-top-column elementor-element elementor-element-301d262\" data-id=\"301d262\" data-element_type=\"column\">\n\t\t\t<div class=\"elementor-widget-wrap elementor-element-populated\">\n\t\t\t\t\t\t\t\t<div class=\"elementor-element elementor-element-15ecdbe elementor-align-center elementor-widget elementor-widget-button\" data-id=\"15ecdbe\" data-element_type=\"widget\" data-widget_type=\"button.default\">\n\t\t\t\t<div class=\"elementor-widget-container\">\n\t\t\t\t\t<div class=\"elementor-button-wrapper\">\n\t\t\t<a class=\"elementor-button elementor-button-link elementor-size-sm\" href=\"https:\/\/studiojib.nl\">\n\t\t\t\t\t\t<span class=\"elementor-button-content-wrapper\">\n\t\t\t\t\t\t<span class=\"elementor-button-text\">terug naar home<\/span>\n\t\t<\/span>\n\t\t\t\t\t<\/a>\n\t\t<\/div>\n\t\t\t\t<\/div>\n\t\t\t\t<\/div>\n\t\t\t\t\t<\/div>\n\t\t<\/div>\n\t\t\t\t\t\t\t<\/div>\n\t\t<\/section>\n\t\t\t\t\t\t\t<\/div>\n\t\t","protected":false},"excerpt":{"rendered":"<p>About Studio JIB is een plek waar je terecht kan met jouw vragen met betrekking tot grafisch vormgeving: Het bedrijf is druk bezig met een aanbesteding en je wilt graag dat jullie tender eruit springt\u2026 Je wilt graag een digitaal bestand sturen naar klanten om ze te informeren over jullie werkzaamheden\u2026 Je hebt je net &hellip;<\/p>\n<p class=\"read-more\"> <a class=\"\" href=\"https:\/\/studiojib.nl\/?page_id=214\"> <span class=\"screen-reader-text\">About<\/span> Lees meer &raquo;<\/a><\/p>\n","protected":false},"author":1,"featured_media":0,"parent":0,"menu_order":0,"comment_status":"closed","ping_status":"closed","template":"","meta":{"site-sidebar-layout":"no-sidebar","site-content-layout":"page-builder","ast-site-content-layout":"","site-content-style":"default","site-sidebar-style":"default","ast-global-header-display":"","ast-banner-title-visibility":"","ast-main-header-display":"","ast-hfb-above-header-display":"","ast-hfb-below-header-display":"","ast-hfb-mobile-header-display":"","site-post-title":"disabled","ast-breadcrumbs-content":"","ast-featured-img":"","footer-sml-layout":"","theme-transparent-header-meta":"enabled","adv-header-id-meta":"","stick-header-meta":"","header-above-stick-meta":"","header-main-stick-meta":"","header-below-stick-meta":"","astra-migrate-meta-layouts":"","footnotes":""},"class_list":["post-214","page","type-page","status-publish","hentry"],"_links":{"self":[{"href":"https:\/\/studiojib.nl\/index.php?rest_route=\/wp\/v2\/pages\/214","targetHints":{"allow":["GET"]}}],"collection":[{"href":"https:\/\/studiojib.nl\/index.php?rest_route=\/wp\/v2\/pages"}],"about":[{"href":"https:\/\/studiojib.nl\/index.php?rest_route=\/wp\/v2\/types\/page"}],"author":[{"embeddable":true,"href":"https:\/\/studiojib.nl\/index.php?rest_route=\/wp\/v2\/users\/1"}],"replies":[{"embeddable":true,"href":"https:\/\/studiojib.nl\/index.php?rest_route=%2Fwp%2Fv2%2Fcomments&post=214"}],"version-history":[{"count":85,"href":"https:\/\/studiojib.nl\/index.php?rest_route=\/wp\/v2\/pages\/214\/revisions"}],"predecessor-version":[{"id":1286,"href":"https:\/\/studiojib.nl\/index.php?rest_route=\/wp\/v2\/pages\/214\/revisions\/1286"}],"wp:attachment":[{"href":"https:\/\/studiojib.nl\/index.php?rest_route=%2Fwp%2Fv2%2Fmedia&parent=214"}],"curies":[{"name":"wp","href":"https:\/\/api.w.org\/{rel}","templated":true}]}}